{"id":209,"date":"2023-11-07T21:09:24","date_gmt":"2023-11-07T21:09:24","guid":{"rendered":"https:\/\/bluesnasruas.com.br\/?page_id=209"},"modified":"2023-12-18T19:20:53","modified_gmt":"2023-12-18T19:20:53","slug":"contato","status":"publish","type":"page","link":"https:\/\/bluesnasruas.com.br\/index.php\/contato\/","title":{"rendered":"Contato"},"content":{"rendered":"\t\t<div data-elementor-type=\"wp-page\" data-elementor-id=\"209\" class=\"elementor elementor-209\">\n\t\t\t\t<div class=\"elementor-element elementor-element-d016706 e-flex e-con-boxed e-con e-parent\" data-id=\"d016706\" data-element_type=\"container\">\n\t\t\t\t\t<div class=\"e-con-inner\">\n\t\t\t\t<div class=\"elementor-element elementor-element-7da79e4 elementor-widget elementor-widget-heading\" data-id=\"7da79e4\" data-element_type=\"widget\" data-widget_type=\"heading.default\">\n\t\t\t\t<div class=\"elementor-widget-container\">\n\t\t\t\t\t<h2 class=\"elementor-heading-title elementor-size-default\">Fale com a gente!<\/h2>\t\t\t\t<\/div>\n\t\t\t\t<\/div>\n\t\t\t\t\t<\/div>\n\t\t\t\t<\/div>\n\t\t<div class=\"elementor-element elementor-element-dbe60a9 e-flex e-con-boxed e-con e-parent\" data-id=\"dbe60a9\" data-element_type=\"container\">\n\t\t\t\t\t<div class=\"e-con-inner\">\n\t\t\t\t<div class=\"elementor-element elementor-element-c1000c6 elementor-widget elementor-widget-text-editor\" data-id=\"c1000c6\" data-element_type=\"widget\" data-widget_type=\"text-editor.default\">\n\t\t\t\t<div class=\"elementor-widget-container\">\n\t\t\t\t\t\t\t\t\t<p>No formul\u00e1rio abaixo, voc\u00ea pode:<\/p>\n<p>&#8211; tirar d\u00favidas sobre o projeto<br>&#8211; entrar em contato com a nossa equipe<br><span style=\"font-size: 1rem;\">&#8211; contar uma hist\u00f3ria que envolva o Blues<br><\/span><span style=\"font-size: 1rem;\">&#8211; sugerir artistas locais (Petr\u00f3polis e B\u00fazios) ou da regi\u00e3o (Serrana e dos Lagos) para fazer parte do nosso cronograma de atra\u00e7\u00f5es, tanto para os shows spots quanto para a arena cultural.&nbsp;<\/span><\/p>\n<p>N\u00f3s responderemos em breve!<\/p>\t\t\t\t\t\t\t\t<\/div>\n\t\t\t\t<\/div>\n\t\t\t\t\t<\/div>\n\t\t\t\t<\/div>\n\t\t<div class=\"elementor-element elementor-element-2b790b4 e-flex e-con-boxed e-con e-parent\" data-id=\"2b790b4\" data-element_type=\"container\">\n\t\t\t\t\t<div class=\"e-con-inner\">\n\t\t\t\t<div class=\"elementor-element elementor-element-badb0d9 elementor-widget elementor-widget-metform\" data-id=\"badb0d9\" data-element_type=\"widget\" data-widget_type=\"metform.default\">\n\t\t\t\t<div class=\"elementor-widget-container\">\n\t\t\t\t\t<div id=\"mf-response-props-id-210\" data-previous-steps-style=\"\" data-editswitchopen=\"\" data-response_type=\"alert\" data-erroricon=\"fas fa-exclamation-triangle\" data-successicon=\"fas fa-check\" data-messageposition=\"top\" class=\"   mf-scroll-top-no\">\n\t\t<div class=\"formpicker_warper formpicker_warper_editable\" data-metform-formpicker-key=\"210\" >\n\t\t\t\t\n\t\t\t<div class=\"mf-widget-container\">\n\t\t\t\t\r\n\t\t<div\r\n\t\t\tid=\"metform-wrap-badb0d9-210\"\r\n\t\t\tclass=\"mf-form-wrapper\"\r\n\t\t\tdata-form-id=\"210\"\r\n\t\t\tdata-action=\"https:\/\/bluesnasruas.com.br\/index.php\/wp-json\/metform\/v1\/entries\/insert\/210\"\r\n\t\t\tdata-wp-nonce=\"64697c56ad\"\r\n\t\t\tdata-form-nonce=\"82a6cdb2f7\"\r\n\t\t\tdata-quiz-summery = \"false\"\r\n\t\t\tdata-save-progress = \"false\"\r\n\t\t\tdata-form-type=\"general-form\"\r\n\t\t\tdata-stop-vertical-effect=\"\"\r\n\t\t\t><\/div>\r\n\r\n\r\n\t\t<!----------------------------- \r\n\t\t\t* controls_data : find the the props passed indie of data attribute\r\n\t\t\t* props.SubmitResponseMarkup : contains the markup of error or success message\r\n\t\t\t* https:\/\/developer.mozilla.org\/en-US\/docs\/Web\/JavaScript\/Reference\/Template_literals\r\n\t\t--------------------------- -->\r\n\r\n\t\t\t\t<script type=\"text\/mf\" class=\"mf-template\">\r\n\t\t\tfunction controls_data (value){\r\n\t\t\t\tlet currentWrapper = \"mf-response-props-id-210\";\r\n\t\t\t\tlet currentEl = document.getElementById(currentWrapper);\r\n\t\t\t\t\r\n\t\t\t\treturn currentEl ? currentEl.dataset[value] : false\r\n\t\t\t}\r\n\r\n\r\n\t\t\tlet is_edit_mode = '' ? true : false;\r\n\t\t\tlet message_position = controls_data('messageposition') || 'top';\r\n\r\n\t\t\t\r\n\t\t\tlet message_successIcon = controls_data('successicon') || '';\r\n\t\t\tlet message_errorIcon = controls_data('erroricon') || '';\r\n\t\t\tlet message_editSwitch = controls_data('editswitchopen') === 'yes' ? true : false;\r\n\t\t\tlet message_proClass = controls_data('editswitchopen') === 'yes' ? 'mf_pro_activated' : '';\r\n\t\t\t\r\n\t\t\tlet is_dummy_markup = is_edit_mode && message_editSwitch ? true : false;\r\n\r\n\t\t\t\r\n\t\t\treturn html`\r\n\t\t\t\t<form\r\n\t\t\t\t\tclassName=\"metform-form-content\"\r\n\t\t\t\t\tref=${parent.formContainerRef}\r\n\t\t\t\t\tonSubmit=${ validation.handleSubmit( parent.handleFormSubmit ) }\r\n\t\t\t\t\r\n\t\t\t\t\t>\r\n\t\t\t\r\n\t\t\t\r\n\t\t\t\t\t${is_dummy_markup ? message_position === 'top' ?  props.ResponseDummyMarkup(message_successIcon, message_proClass) : '' : ''}\r\n\t\t\t\t\t${is_dummy_markup ? ' ' :  message_position === 'top' ? props.SubmitResponseMarkup`${parent}${state}${message_successIcon}${message_errorIcon}${message_proClass}` : ''}\r\n\r\n\t\t\t\t\t<!--------------------------------------------------------\r\n\t\t\t\t\t*** IMPORTANT \/ DANGEROUS ***\r\n\t\t\t\t\t${html``} must be used as in immediate child of \"metform-form-main-wrapper\"\r\n\t\t\t\t\tclass otherwise multistep form will not run at all\r\n\t\t\t\t\t---------------------------------------------------------->\r\n\r\n\t\t\t\t\t<div className=\"metform-form-main-wrapper\" key=${'hide-form-after-submit'} ref=${parent.formRef}>\r\n\t\t\t\t\t${html`\r\n\t\t\t\t\t\t\t\t<div data-elementor-type=\"wp-post\" key=\"2\" data-elementor-id=\"210\" className=\"elementor elementor-210\">\n\t\t\t\t<div className=\"elementor-element elementor-element-5cb0c8a e-flex e-con-boxed e-con e-parent\" data-id=\"5cb0c8a\" data-element_type=\"container\">\n\t\t\t\t\t<div className=\"e-con-inner\">\n\t\t\t\t<div className=\"elementor-element elementor-element-e529c8b elementor-widget elementor-widget-mf-text\" data-id=\"e529c8b\" data-element_type=\"widget\" data-settings=\"{&quot;mf_input_name&quot;:&quot;mf-text_776501&quot;}\" data-widget_type=\"mf-text.default\">\n\t\t\t\t<div className=\"elementor-widget-container\">\n\t\t\t\t\t\r\n\t\t<div className=\"mf-input-wrapper\">\r\n\t\t\t\t\t\t\t<label className=\"mf-input-label\" htmlFor=\"mf-input-text-e529c8b\">\r\n\t\t\t\t\t${ parent.decodeEntities(`Nome`) } \t\t\t\t\t<span className=\"mf-input-required-indicator\">*<\/span>\r\n\t\t\t\t<\/label>\r\n\t\t\t\r\n\t\t\t<input\r\n\t\t\t\ttype=\"text\"\r\n\t\t\t\tclassName=\"mf-input \"\r\n\t\t\t\tid=\"mf-input-text-e529c8b\"\r\n\t\t\t\tname=\"mf-text_776501\"\r\n\t\t\t\tplaceholder=\"${ parent.decodeEntities(`Digite o seu nome`) } \"\r\n\t\t\t\t\t\t\t\t\tonInput=${parent.handleChange}\r\n\t\t\t\t\tonBlur=${parent.handleChange}\r\n\t\t\t\t\taria-invalid=${validation.errors['mf-text_776501'] ? 'true' : 'false'}\r\n\t\t\t\t\tref=${el =>{\r\n\t\t\t\t\t\t\t\t\t\t\t\tparent.activateValidation({\"message\":\"This field is required.\",\"minLength\":1,\"maxLength\":\"\",\"type\":\"none\",\"required\":true,\"expression\":\"null\"}, el)\r\n\t\t\t\t\t}}\r\n\t\t\t\t\t\t\t\t\/>\r\n\r\n\t\t\t\t\t\t\t<${validation.ErrorMessage}\r\n\t\t\t\t\terrors=${validation.errors}\r\n\t\t\t\t\tname=\"mf-text_776501\"\r\n\t\t\t\t\tas=${html`<span className=\"mf-error-message\"><\/span>`}\r\n\t\t\t\t\t\/>\r\n\t\t\t\r\n\t\t\t\t\t<\/div>\r\n\r\n\t\t\t\t\t\t<\/div>\n\t\t\t\t<\/div>\n\t\t\t\t\t<\/div>\n\t\t\t\t<\/div>\n\t\t<div className=\"elementor-element elementor-element-7c57cfd e-flex e-con-boxed e-con e-parent\" data-id=\"7c57cfd\" data-element_type=\"container\">\n\t\t\t\t\t<div className=\"e-con-inner\">\n\t\t\t\t<div className=\"elementor-element elementor-element-b0eeabf elementor-widget elementor-widget-mf-email\" data-id=\"b0eeabf\" data-element_type=\"widget\" data-settings=\"{&quot;mf_input_name&quot;:&quot;mf-email&quot;}\" data-widget_type=\"mf-email.default\">\n\t\t\t\t<div className=\"elementor-widget-container\">\n\t\t\t\t\t\r\n\t\t<div className=\"mf-input-wrapper\">\r\n\t\t\t\t\t\t\t<label className=\"mf-input-label\" htmlFor=\"mf-input-email-b0eeabf\">\r\n\t\t\t\t\t${ parent.decodeEntities(`Email`) } \t\t\t\t\t<span className=\"mf-input-required-indicator\">*<\/span>\r\n\t\t\t\t<\/label>\r\n\t\t\t\r\n\t\t\t<input \r\n\t\t\t\ttype=\"email\" \r\n\t\t\t\t \r\n\t\t\t\tdefaultValue=\"\" \r\n\t\t\t\tclassName=\"mf-input \" \r\n\t\t\t\tid=\"mf-input-email-b0eeabf\" \r\n\t\t\t\tname=\"mf-email\" \r\n\t\t\t\tplaceholder=\"${ parent.decodeEntities(`Email`) } \" \r\n\t\t\t\t \r\n\t\t\t\tonBlur=${parent.handleChange} onFocus=${parent.handleChange} aria-invalid=${validation.errors['mf-email'] ? 'true' : 'false' } \r\n\t\t\t\tref=${el=> parent.activateValidation({\"message\":\"This field is required.\",\"emailMessage\":\"Please enter a valid Email address\",\"minLength\":1,\"maxLength\":\"\",\"type\":\"none\",\"required\":true,\"expression\":\"null\"}, el)}\r\n\t\t\t\t\t\t\t\/>\r\n\r\n\t\t\t\t\t\t<${validation.ErrorMessage} \r\n\t\t\t\terrors=${validation.errors} \r\n\t\t\t\tname=\"mf-email\" \r\n\t\t\t\tas=${html`<span className=\"mf-error-message\"><\/span>`}\r\n\t\t\t\/>\r\n\t\t\t\r\n\t\t\t\t\t<\/div>\r\n\r\n\t\t\t\t<\/div>\n\t\t\t\t<\/div>\n\t\t\t\t\t<\/div>\n\t\t\t\t<\/div>\n\t\t<div className=\"elementor-element elementor-element-939a942 e-flex e-con-boxed e-con e-parent\" data-id=\"939a942\" data-element_type=\"container\">\n\t\t\t\t\t<div className=\"e-con-inner\">\n\t\t\t\t<div className=\"elementor-element elementor-element-d669e95 elementor-widget elementor-widget-mf-textarea\" data-id=\"d669e95\" data-element_type=\"widget\" data-settings=\"{&quot;mf_input_name&quot;:&quot;mf-textarea&quot;}\" data-widget_type=\"mf-textarea.default\">\n\t\t\t\t<div className=\"elementor-widget-container\">\n\t\t\t\t\t\r\n\t\t<div className=\"mf-input-wrapper\">\r\n\t\t\t\t\t\t\t<label className=\"mf-input-label\" htmlFor=\"mf-input-text-area-d669e95\">\r\n\t\t\t\t\t${ parent.decodeEntities(`Mensagem\/Coment\u00e1rio`) } \t\t\t\t\t<span className=\"mf-input-required-indicator\"><\/span>\r\n\t\t\t\t<\/label>\r\n\t\t\t\r\n\t\t\t<textarea className=\"mf-input mf-textarea \" id=\"mf-input-text-area-d669e95\"\r\n\t\t\t\tname=\"mf-textarea\" \r\n\t\t\t\tplaceholder=\"${ parent.decodeEntities(`Digite sua mensagem`) } \"\r\n\t\t\t\tcols=\"30\" rows=\"10\"\r\n\t\t\t\t\t\t\t\t\tonInput=${ parent.handleChange }\r\n\t\t\t\t\taria-invalid=${validation.errors['mf-textarea'] ? 'true' : 'false'}\r\n\t\t\t\t\tref=${ el => parent.activateValidation({\"message\":\"This field is required.\",\"minLength\":1,\"maxLength\":\"\",\"type\":\"none\",\"required\":false,\"expression\":\"null\"}, el)}\r\n\t\t\t\t\t\t\t\t><\/textarea>\r\n\r\n\t\t\t\t\t\t\t<${validation.ErrorMessage}\r\n\t\t\t\t\terrors=${validation.errors}\r\n\t\t\t\t\tname=\"mf-textarea\"\r\n\t\t\t\t\tas=${html`<span className=\"mf-error-message\"><\/span>`}\r\n\t\t\t\t\t\/>\r\n\t\t\t\t\t\t\t\t<\/div>\r\n\r\n\t\t\t\t\t\t<\/div>\n\t\t\t\t<\/div>\n\t\t\t\t\t<\/div>\n\t\t\t\t<\/div>\n\t\t<div className=\"elementor-element elementor-element-50bf703 e-flex e-con-boxed e-con e-parent\" data-id=\"50bf703\" data-element_type=\"container\">\n\t\t\t\t\t<div className=\"e-con-inner\">\n\t\t\t\t<div className=\"elementor-element elementor-element-3a222a5 mf-btn--right elementor-widget elementor-widget-mf-button\" data-id=\"3a222a5\" data-element_type=\"widget\" data-widget_type=\"mf-button.default\">\n\t\t\t\t<div className=\"elementor-widget-container\">\n\t\t\t\t\t\t\t<div className=\"mf-btn-wraper \" data-mf-form-conditional-logic-requirement=\"\">\r\n\t\t\t\t\t\t\t<button type=\"submit\" className=\"metform-btn metform-submit-btn \" id=\"\">\r\n\t\t\t\t\t<span>${ parent.decodeEntities(`Enviar mensagem`) } <\/span>\r\n\t\t\t\t\t<svg aria-hidden=\"true\" className=\"e-font-icon-svg e-far-arrow-alt-circle-right\" viewBox=\"0 0 512 512\" xmlns=\"http:\/\/www.w3.org\/2000\/svg\"><path d=\"M504 256C504 119 393 8 256 8S8 119 8 256s111 248 248 248 248-111 248-248zm-448 0c0-110.5 89.5-200 200-200s200 89.5 200 200-89.5 200-200 200S56 366.5 56 256zm72 20v-40c0-6.6 5.4-12 12-12h116v-67c0-10.7 12.9-16 20.5-8.5l99 99c4.7 4.7 4.7 12.3 0 17l-99 99c-7.6 7.6-20.5 2.2-20.5-8.5v-67H140c-6.6 0-12-5.4-12-12z\"><\/path><\/svg>\t\t\t\t<\/button>\r\n\t\t\t        <\/div>\r\n        \t\t\t\t<\/div>\n\t\t\t\t<\/div>\n\t\t\t\t\t<\/div>\n\t\t\t\t<\/div>\n\t\t\t\t<\/div>\n\t\t\t\t\t\t\t`}\r\n\t\t\t\t\t<\/div>\r\n\r\n\t\t\t\t\t${is_dummy_markup ? message_position === 'bottom' ? props.ResponseDummyMarkup(message_successIcon, message_proClass) : '' : ''}\r\n\t\t\t\t\t${is_dummy_markup ? ' ' : message_position === 'bottom' ? props.SubmitResponseMarkup`${parent}${state}${message_successIcon}${message_errorIcon}${message_proClass}` : ''}\r\n\t\t\t\t\r\n\t\t\t\t<\/form>\r\n\t\t\t`\r\n\t\t<\/script>\r\n\r\n\t\t\t\t\t<\/div>\n\t\t<\/div>\n\t\t<\/div>\t\t\t\t<\/div>\n\t\t\t\t<\/div>\n\t\t\t\t\t<\/div>\n\t\t\t\t<\/div>\n\t\t<div class=\"elementor-element elementor-element-cba0dc7 e-flex e-con-boxed e-con e-parent\" data-id=\"cba0dc7\" data-element_type=\"container\">\n\t\t\t\t\t<div class=\"e-con-inner\">\n\t\t\t\t<div class=\"elementor-element elementor-element-73a78a0 elementor-widget elementor-widget-image\" data-id=\"73a78a0\" data-element_type=\"widget\" data-widget_type=\"image.default\">\n\t\t\t\t<div class=\"elementor-widget-container\">\n\t\t\t\t\t\t\t\t\t\t\t\t\t\t\t<img fetchpriority=\"high\" decoding=\"async\" width=\"768\" height=\"96\" src=\"https:\/\/bluesnasruas.com.br\/wp-content\/uploads\/2023\/12\/logos.png\" class=\"attachment-medium_large size-medium_large wp-image-300\" alt=\"\" \/>\t\t\t\t\t\t\t\t\t\t\t\t\t\t\t<\/div>\n\t\t\t\t<\/div>\n\t\t\t\t\t<\/div>\n\t\t\t\t<\/div>\n\t\t<div class=\"elementor-element elementor-element-93656c5 e-flex e-con-boxed e-con e-parent\" data-id=\"93656c5\" data-element_type=\"container\">\n\t\t\t\t\t<div class=\"e-con-inner\">\n\t\t\t\t<div class=\"elementor-element elementor-element-bce98bf elementor-widget elementor-widget-text-editor\" data-id=\"bce98bf\" data-element_type=\"widget\" data-widget_type=\"text-editor.default\">\n\t\t\t\t<div class=\"elementor-widget-container\">\n\t\t\t\t\t\t\t\t\t<span style=\"color: #FFFFFF; font-size: 14px; font-weight: bold; text-align: center;\">\u00a9 2023 Blues nas Ruas<\/span>\t\t\t\t\t\t\t\t<\/div>\n\t\t\t\t<\/div>\n\t\t\t\t\t<\/div>\n\t\t\t\t<\/div>\n\t\t\t\t<\/div>\n\t\t","protected":false},"excerpt":{"rendered":"<p>Fale com a gente! No formul\u00e1rio abaixo, voc\u00ea pode: &#8211; tirar d\u00favidas sobre o projeto&#8211; entrar em contato com a nossa equipe&#8211; contar uma hist\u00f3ria que envolva o Blues&#8211; sugerir artistas locais (Petr\u00f3polis e B\u00fazios) ou da regi\u00e3o (Serrana e dos Lagos) para fazer parte do nosso cronograma de atra\u00e7\u00f5es, tanto para os shows spots [&hellip;]<\/p>\n","protected":false},"author":1,"featured_media":0,"parent":0,"menu_order":0,"comment_status":"closed","ping_status":"closed","template":"elementor_header_footer","meta":{"footnotes":""},"class_list":["post-209","page","type-page","status-publish","hentry"],"jetpack_sharing_enabled":true,"_links":{"self":[{"href":"https:\/\/bluesnasruas.com.br\/index.php\/wp-json\/wp\/v2\/pages\/209","targetHints":{"allow":["GET"]}}],"collection":[{"href":"https:\/\/bluesnasruas.com.br\/index.php\/wp-json\/wp\/v2\/pages"}],"about":[{"href":"https:\/\/bluesnasruas.com.br\/index.php\/wp-json\/wp\/v2\/types\/page"}],"author":[{"embeddable":true,"href":"https:\/\/bluesnasruas.com.br\/index.php\/wp-json\/wp\/v2\/users\/1"}],"replies":[{"embeddable":true,"href":"https:\/\/bluesnasruas.com.br\/index.php\/wp-json\/wp\/v2\/comments?post=209"}],"version-history":[{"count":17,"href":"https:\/\/bluesnasruas.com.br\/index.php\/wp-json\/wp\/v2\/pages\/209\/revisions"}],"predecessor-version":[{"id":337,"href":"https:\/\/bluesnasruas.com.br\/index.php\/wp-json\/wp\/v2\/pages\/209\/revisions\/337"}],"wp:attachment":[{"href":"https:\/\/bluesnasruas.com.br\/index.php\/wp-json\/wp\/v2\/media?parent=209"}],"curies":[{"name":"wp","href":"https:\/\/api.w.org\/{rel}","templated":true}]}}