{"id":309,"date":"2023-12-18T17:11:52","date_gmt":"2023-12-18T17:11:52","guid":{"rendered":"https:\/\/bluesnasruas.com.br\/?page_id=309"},"modified":"2024-05-22T15:28:10","modified_gmt":"2024-05-22T15:28:10","slug":"ajude-aqui","status":"publish","type":"page","link":"https:\/\/bluesnasruas.com.br\/index.php\/ajude-aqui\/","title":{"rendered":"Ajude Aqui"},"content":{"rendered":"\t\t<div data-elementor-type=\"wp-page\" data-elementor-id=\"309\" class=\"elementor elementor-309\">\n\t\t\t\t<div class=\"elementor-element elementor-element-2ac83fb e-flex e-con-boxed e-con e-parent\" data-id=\"2ac83fb\" data-element_type=\"container\">\n\t\t\t\t\t<div class=\"e-con-inner\">\n\t\t\t\t<div class=\"elementor-element elementor-element-8b84146 elementor-widget elementor-widget-image\" data-id=\"8b84146\" data-element_type=\"widget\" data-widget_type=\"image.default\">\n\t\t\t\t<div class=\"elementor-widget-container\">\n\t\t\t\t\t\t\t\t\t\t\t\t\t\t\t<img fetchpriority=\"high\" decoding=\"async\" width=\"768\" height=\"340\" src=\"https:\/\/bluesnasruas.com.br\/wp-content\/uploads\/2023\/12\/ajude-aqui.png\" class=\"attachment-medium_large size-medium_large wp-image-400\" alt=\"\" \/>\t\t\t\t\t\t\t\t\t\t\t\t\t\t\t<\/div>\n\t\t\t\t<\/div>\n\t\t\t\t\t<\/div>\n\t\t\t\t<\/div>\n\t\t<div class=\"elementor-element elementor-element-97ac14b e-flex e-con-boxed e-con e-parent\" data-id=\"97ac14b\" data-element_type=\"container\">\n\t\t\t\t\t<div class=\"e-con-inner\">\n\t\t\t\t<div class=\"elementor-element elementor-element-3ed4cc2 elementor-widget elementor-widget-text-editor\" data-id=\"3ed4cc2\" data-element_type=\"widget\" data-widget_type=\"text-editor.default\">\n\t\t\t\t<div class=\"elementor-widget-container\">\n\t\t\t\t\t\t\t\t\t<p>N\u00f3s queremos que a m\u00fasica continue transformando a vida das pessoas depois do festival. \u00c9 com esse intuito que te convidamos a contribuir com o projeto doando instrumentos musicais em bom estado! Eles ser\u00e3o destinados as institui\u00e7\u00f5es para que sigam com o trabalho realizado na m\u00fasica nesses meses e permitir que novas pessoas tenham acesso musical no futuro.<\/p>\t\t\t\t\t\t\t\t<\/div>\n\t\t\t\t<\/div>\n\t\t\t\t\t<\/div>\n\t\t\t\t<\/div>\n\t\t<div class=\"elementor-element elementor-element-219169b e-flex e-con-boxed e-con e-parent\" data-id=\"219169b\" data-element_type=\"container\">\n\t\t\t\t\t<div class=\"e-con-inner\">\n\t\t\t\t<div class=\"elementor-element elementor-element-d8f6cd1 elementor-align-center elementor-widget elementor-widget-button\" data-id=\"d8f6cd1\" data-element_type=\"widget\" data-widget_type=\"button.default\">\n\t\t\t\t<div class=\"elementor-widget-container\">\n\t\t\t\t\t\t\t\t\t<div class=\"elementor-button-wrapper\">\n\t\t\t\t\t<a class=\"elementor-button elementor-button-link elementor-size-sm\" href=\"https:\/\/bluesnasruas.com.br\/index.php\/instituicoes-parceiras\/\">\n\t\t\t\t\t\t<span class=\"elementor-button-content-wrapper\">\n\t\t\t\t\t\t\t\t\t<span class=\"elementor-button-text\"> CONHE\u00c7A AS INSTITUI\u00c7\u00d5ES PARCEIRAS E DOE DIRETAMENTE NAS SEDES<\/span>\n\t\t\t\t\t<\/span>\n\t\t\t\t\t<\/a>\n\t\t\t\t<\/div>\n\t\t\t\t\t\t\t\t<\/div>\n\t\t\t\t<\/div>\n\t\t\t\t\t<\/div>\n\t\t\t\t<\/div>\n\t\t<div class=\"elementor-element elementor-element-f169444 e-flex e-con-boxed e-con e-parent\" data-id=\"f169444\" data-element_type=\"container\">\n\t\t\t\t\t<div class=\"e-con-inner\">\n\t\t\t\t<div class=\"elementor-element elementor-element-691815f elementor-widget elementor-widget-text-editor\" data-id=\"691815f\" data-element_type=\"widget\" data-widget_type=\"text-editor.default\">\n\t\t\t\t<div class=\"elementor-widget-container\">\n\t\t\t\t\t\t\t\t\t<p>Instrumentos como:<\/p><p>Cajon | Baixo | Guitarra | Viol\u00e3o |\u00a0Bateria | Teclado | Pandeirola | Washboard<\/p>\t\t\t\t\t\t\t\t<\/div>\n\t\t\t\t<\/div>\n\t\t\t\t\t<\/div>\n\t\t\t\t<\/div>\n\t\t<div class=\"elementor-element elementor-element-899529c e-flex e-con-boxed e-con e-parent\" data-id=\"899529c\" data-element_type=\"container\">\n\t\t\t\t\t<div class=\"e-con-inner\">\n\t\t\t\t<div class=\"elementor-element elementor-element-2504dc4 elementor-widget elementor-widget-text-editor\" data-id=\"2504dc4\" data-element_type=\"widget\" data-widget_type=\"text-editor.default\">\n\t\t\t\t<div class=\"elementor-widget-container\">\n\t\t\t\t\t\t\t\t\t<p>Mas todo instrumento em bom estado tamb\u00e9m ser\u00e1 bem-vindo!<\/p><p>Caso voc\u00ea n\u00e3o tenha nenhum instrumento e, mesmo assim, quer colaborar, o projeto aceita qualquer valor pelo Pix, na chave campesinafriburguense@hotmail.com (e-mail).\u00a0<\/p><p>D\u00favidas? Entre em contato pelo WhatsApp da Br4 &#8211; (22) 99234-1212<\/p>\t\t\t\t\t\t\t\t<\/div>\n\t\t\t\t<\/div>\n\t\t\t\t\t<\/div>\n\t\t\t\t<\/div>\n\t\t<div class=\"elementor-element elementor-element-cba0dc7 e-flex e-con-boxed e-con e-parent\" data-id=\"cba0dc7\" data-element_type=\"container\">\n\t\t\t\t\t<div class=\"e-con-inner\">\n\t\t\t\t<div class=\"elementor-element elementor-element-73a78a0 elementor-widget elementor-widget-image\" data-id=\"73a78a0\" data-element_type=\"widget\" data-widget_type=\"image.default\">\n\t\t\t\t<div class=\"elementor-widget-container\">\n\t\t\t\t\t\t\t\t\t\t\t\t\t\t\t<img decoding=\"async\" width=\"800\" height=\"100\" src=\"https:\/\/bluesnasruas.com.br\/wp-content\/uploads\/2023\/12\/logos.png\" class=\"attachment-large size-large wp-image-300\" alt=\"\" \/>\t\t\t\t\t\t\t\t\t\t\t\t\t\t\t<\/div>\n\t\t\t\t<\/div>\n\t\t\t\t\t<\/div>\n\t\t\t\t<\/div>\n\t\t<div class=\"elementor-element elementor-element-93656c5 e-flex e-con-boxed e-con e-parent\" data-id=\"93656c5\" data-element_type=\"container\">\n\t\t\t\t\t<div class=\"e-con-inner\">\n\t\t\t\t<div class=\"elementor-element elementor-element-bce98bf elementor-widget elementor-widget-text-editor\" data-id=\"bce98bf\" data-element_type=\"widget\" data-widget_type=\"text-editor.default\">\n\t\t\t\t<div class=\"elementor-widget-container\">\n\t\t\t\t\t\t\t\t\t<span style=\"color: #FFFFFF; font-size: 14px; font-weight: bold; text-align: center;\">\u00a9 2023 Blues nas Ruas<\/span>\t\t\t\t\t\t\t\t<\/div>\n\t\t\t\t<\/div>\n\t\t\t\t\t<\/div>\n\t\t\t\t<\/div>\n\t\t\t\t<\/div>\n\t\t","protected":false},"excerpt":{"rendered":"<p>N\u00f3s queremos que a m\u00fasica continue transformando a vida das pessoas depois do festival. \u00c9 com esse intuito que te convidamos a contribuir com o projeto doando instrumentos musicais em bom estado! Eles ser\u00e3o destinados as institui\u00e7\u00f5es para que sigam com o trabalho realizado na m\u00fasica nesses meses e permitir que novas pessoas tenham acesso [&hellip;]<\/p>\n","protected":false},"author":1,"featured_media":0,"parent":0,"menu_order":0,"comment_status":"closed","ping_status":"closed","template":"elementor_header_footer","meta":{"footnotes":""},"class_list":["post-309","page","type-page","status-publish","hentry"],"jetpack_sharing_enabled":true,"_links":{"self":[{"href":"https:\/\/bluesnasruas.com.br\/index.php\/wp-json\/wp\/v2\/pages\/309","targetHints":{"allow":["GET"]}}],"collection":[{"href":"https:\/\/bluesnasruas.com.br\/index.php\/wp-json\/wp\/v2\/pages"}],"about":[{"href":"https:\/\/bluesnasruas.com.br\/index.php\/wp-json\/wp\/v2\/types\/page"}],"author":[{"embeddable":true,"href":"https:\/\/bluesnasruas.com.br\/index.php\/wp-json\/wp\/v2\/users\/1"}],"replies":[{"embeddable":true,"href":"https:\/\/bluesnasruas.com.br\/index.php\/wp-json\/wp\/v2\/comments?post=309"}],"version-history":[{"count":64,"href":"https:\/\/bluesnasruas.com.br\/index.php\/wp-json\/wp\/v2\/pages\/309\/revisions"}],"predecessor-version":[{"id":823,"href":"https:\/\/bluesnasruas.com.br\/index.php\/wp-json\/wp\/v2\/pages\/309\/revisions\/823"}],"wp:attachment":[{"href":"https:\/\/bluesnasruas.com.br\/index.php\/wp-json\/wp\/v2\/media?parent=309"}],"curies":[{"name":"wp","href":"https:\/\/api.w.org\/{rel}","templated":true}]}}