{"id":356,"date":"2023-12-18T20:05:40","date_gmt":"2023-12-18T20:05:40","guid":{"rendered":"https:\/\/bluesnasruas.com.br\/?page_id=356"},"modified":"2024-05-31T19:54:05","modified_gmt":"2024-05-31T19:54:05","slug":"instituicoes-parceiras","status":"publish","type":"page","link":"https:\/\/bluesnasruas.com.br\/index.php\/instituicoes-parceiras\/","title":{"rendered":"Institui\u00e7\u00f5es Parceiras"},"content":{"rendered":"\t\t<div data-elementor-type=\"wp-page\" data-elementor-id=\"356\" class=\"elementor elementor-356\">\n\t\t\t\t<div class=\"elementor-element elementor-element-d8463c8 e-flex e-con-boxed e-con e-parent\" data-id=\"d8463c8\" data-element_type=\"container\">\n\t\t\t\t\t<div class=\"e-con-inner\">\n\t\t\t\t<div class=\"elementor-element elementor-element-a193f7f elementor-widget elementor-widget-heading\" data-id=\"a193f7f\" data-element_type=\"widget\" data-widget_type=\"heading.default\">\n\t\t\t\t<div class=\"elementor-widget-container\">\n\t\t\t\t\t<h2 class=\"elementor-heading-title elementor-size-default\">Institui\u00e7\u00f5es Parceiras<\/h2>\t\t\t\t<\/div>\n\t\t\t\t<\/div>\n\t\t\t\t\t<\/div>\n\t\t\t\t<\/div>\n\t\t<div class=\"elementor-element elementor-element-ce45990 e-flex e-con-boxed e-con e-parent\" data-id=\"ce45990\" data-element_type=\"container\">\n\t\t\t\t\t<div class=\"e-con-inner\">\n\t\t\t\t<div class=\"elementor-element elementor-element-3500cf5 elementor-widget elementor-widget-image\" data-id=\"3500cf5\" data-element_type=\"widget\" data-widget_type=\"image.default\">\n\t\t\t\t<div class=\"elementor-widget-container\">\n\t\t\t\t\t\t\t\t\t\t\t\t\t\t\t<img fetchpriority=\"high\" decoding=\"async\" width=\"300\" height=\"180\" src=\"https:\/\/bluesnasruas.com.br\/wp-content\/uploads\/2023\/12\/logo-apae.jpg\" class=\"attachment-medium size-medium wp-image-431\" alt=\"\" \/>\t\t\t\t\t\t\t\t\t\t\t\t\t\t\t<\/div>\n\t\t\t\t<\/div>\n\t\t\t\t\t<\/div>\n\t\t\t\t<\/div>\n\t\t<div class=\"elementor-element elementor-element-d9d7a52 e-flex e-con-boxed e-con e-parent\" data-id=\"d9d7a52\" data-element_type=\"container\">\n\t\t\t\t\t<div class=\"e-con-inner\">\n\t\t\t\t<div class=\"elementor-element elementor-element-426e3fc elementor-widget elementor-widget-text-editor\" data-id=\"426e3fc\" data-element_type=\"widget\" data-widget_type=\"text-editor.default\">\n\t\t\t\t<div class=\"elementor-widget-container\">\n\t\t\t\t\t\t\t\t\t<p>APAE de Petr\u00f3polis<br \/>Endere\u00e7o: R. Monsenhor Bacelar, 145 &#8211; Centro &#8211; Petr\u00f3polis<br \/>Contato: <a href=\"https:\/\/www.google.com\/search?q=apae+de+petropolis&amp;sca_esv=591016175&amp;sxsrf=AM9HkKlWlKPMZLTSH423EjxRatz46udSwQ%3A1702587491955&amp;source=hp&amp;ei=Y2x7Za_eN-2x5OUPstSDmAU&amp;iflsig=AO6bgOgAAAAAZXt6cxyn6b1Rd3vHWNtZzHQEbiQCJ2OS&amp;oq=apae+de+pet&amp;gs_lp=Egdnd3Mtd2l6IgthcGFlIGRlIHBldCoCCAAyBBAjGCcyCxAuGIAEGMcBGK8BMgYQABgWGB4yBhAAGBYYHjIGEAAYFhgeMggQABgWGB4YD0inFlAAWNcQcAJ4AJABBJgBpgKgAZEaqgEFMC45Lji4AQPIAQD4AQGoAgrCAgUQABiABMICBxAuGIAEGArCAgcQABiABBgKwgIKEAAYgAQYsQMYCsICERAuGIMBGK8BGMcBGLEDGIAEwgILEAAYgAQYsQMYgwHCAgcQIxjqAhgnwgIQEC4YxwEYrwEYjgUY6gIYJ8ICChAjGIAEGIoFGCfCAhEQLhiABBixAxiDARjHARjRA8ICDhAuGIAEGIoFGLEDGIMBwgITEC4YgAQYigUYQxixAxjHARjRA8ICChAAGIAEGIoFGEPCAg0QABiABBiKBRhDGLEDwgIIEAAYgAQYsQPCAhAQABiABBiKBRhDGLEDGIMBwgIUEC4YgAQYsQMYgwEYyQMYxwEY0QPCAg4QLhiABBiSAxjHARivAcICCxAAGIAEGIoFGJIDwgILEC4YrwEYxwEYgATCAgsQLhiABBjHARjRAw&amp;sclient=gws-wiz\">(24) 2237-6018<\/a><\/p>\t\t\t\t\t\t\t\t<\/div>\n\t\t\t\t<\/div>\n\t\t\t\t\t<\/div>\n\t\t\t\t<\/div>\n\t\t<div class=\"elementor-element elementor-element-53bfb91 e-flex e-con-boxed e-con e-parent\" data-id=\"53bfb91\" data-element_type=\"container\">\n\t\t\t\t\t<div class=\"e-con-inner\">\n\t\t\t\t<div class=\"elementor-element elementor-element-1c106b7 elementor-widget elementor-widget-image\" data-id=\"1c106b7\" data-element_type=\"widget\" data-widget_type=\"image.default\">\n\t\t\t\t<div class=\"elementor-widget-container\">\n\t\t\t\t\t\t\t\t\t\t\t\t\t\t\t<img decoding=\"async\" width=\"300\" height=\"180\" src=\"https:\/\/bluesnasruas.com.br\/wp-content\/uploads\/2023\/12\/logo-apae-buzios.jpg\" class=\"attachment-medium size-medium wp-image-435\" alt=\"\" \/>\t\t\t\t\t\t\t\t\t\t\t\t\t\t\t<\/div>\n\t\t\t\t<\/div>\n\t\t\t\t\t<\/div>\n\t\t\t\t<\/div>\n\t\t<div class=\"elementor-element elementor-element-2a696b7 e-flex e-con-boxed e-con e-parent\" data-id=\"2a696b7\" data-element_type=\"container\">\n\t\t\t\t\t<div class=\"e-con-inner\">\n\t\t\t\t<div class=\"elementor-element elementor-element-a09b1de elementor-widget elementor-widget-text-editor\" data-id=\"a09b1de\" data-element_type=\"widget\" data-widget_type=\"text-editor.default\">\n\t\t\t\t<div class=\"elementor-widget-container\">\n\t\t\t\t\t\t\t\t\t<p>APAE de B\u00fazios<br \/>Endere\u00e7o: Rua Gretha Blanch do Rio, s\/n\u00ba &#8211; Raza &#8211; B\u00fazios<br \/>Contato: <a href=\"mailto:apaebuzios@gmail.com\">apaebuzios@gmail.com<\/a><\/p>\t\t\t\t\t\t\t\t<\/div>\n\t\t\t\t<\/div>\n\t\t\t\t\t<\/div>\n\t\t\t\t<\/div>\n\t\t<div class=\"elementor-element elementor-element-83b52e9 e-flex e-con-boxed e-con e-parent\" data-id=\"83b52e9\" data-element_type=\"container\">\n\t\t\t\t\t<div class=\"e-con-inner\">\n\t\t\t\t<div class=\"elementor-element elementor-element-f89db09 elementor-widget elementor-widget-image\" data-id=\"f89db09\" data-element_type=\"widget\" data-widget_type=\"image.default\">\n\t\t\t\t<div class=\"elementor-widget-container\">\n\t\t\t\t\t\t\t\t\t\t\t\t\t\t\t<img decoding=\"async\" width=\"300\" height=\"180\" src=\"https:\/\/bluesnasruas.com.br\/wp-content\/uploads\/2023\/12\/campesina.jpg\" class=\"attachment-medium size-medium wp-image-439\" alt=\"\" \/>\t\t\t\t\t\t\t\t\t\t\t\t\t\t\t<\/div>\n\t\t\t\t<\/div>\n\t\t\t\t\t<\/div>\n\t\t\t\t<\/div>\n\t\t<div class=\"elementor-element elementor-element-b59e319 e-flex e-con-boxed e-con e-parent\" data-id=\"b59e319\" data-element_type=\"container\">\n\t\t\t\t\t<div class=\"e-con-inner\">\n\t\t\t\t<div class=\"elementor-element elementor-element-1f22f69 elementor-widget elementor-widget-text-editor\" data-id=\"1f22f69\" data-element_type=\"widget\" data-widget_type=\"text-editor.default\">\n\t\t\t\t<div class=\"elementor-widget-container\">\n\t\t\t\t\t\t\t\t\t<p>Sociedade Musical Beneficente Campesina Friburguense<br \/>Endere\u00e7o: Avenida\u00a0Campesina Friburguense, 85 \u2013 Centro &#8211; Nova Friburgo<br \/>Contato: <a href=\"http:\/\/(22) 2522-2410\" data-wplink-url-error=\"true\">(22) 2522-2410<\/a><\/p>\t\t\t\t\t\t\t\t<\/div>\n\t\t\t\t<\/div>\n\t\t\t\t\t<\/div>\n\t\t\t\t<\/div>\n\t\t<div class=\"elementor-element elementor-element-467e710 e-flex e-con-boxed e-con e-parent\" data-id=\"467e710\" data-element_type=\"container\">\n\t\t\t\t\t<div class=\"e-con-inner\">\n\t\t\t\t<div class=\"elementor-element elementor-element-233891b elementor-widget elementor-widget-image\" data-id=\"233891b\" data-element_type=\"widget\" data-widget_type=\"image.default\">\n\t\t\t\t<div class=\"elementor-widget-container\">\n\t\t\t\t\t\t\t\t\t\t\t\t\t\t\t<img loading=\"lazy\" decoding=\"async\" width=\"300\" height=\"227\" src=\"https:\/\/bluesnasruas.com.br\/wp-content\/uploads\/2024\/02\/deltabluesbrasil.png\" class=\"attachment-medium size-medium wp-image-504\" alt=\"\" \/>\t\t\t\t\t\t\t\t\t\t\t\t\t\t\t<\/div>\n\t\t\t\t<\/div>\n\t\t\t\t\t<\/div>\n\t\t\t\t<\/div>\n\t\t<div class=\"elementor-element elementor-element-00e6195 e-flex e-con-boxed e-con e-parent\" data-id=\"00e6195\" data-element_type=\"container\">\n\t\t\t\t\t<div class=\"e-con-inner\">\n\t\t\t\t<div class=\"elementor-element elementor-element-738e243 elementor-widget elementor-widget-text-editor\" data-id=\"738e243\" data-element_type=\"widget\" data-widget_type=\"text-editor.default\">\n\t\t\t\t<div class=\"elementor-widget-container\">\n\t\t\t\t\t\t\t\t\t<p>Delta Blues Brasil<br>Endere\u00e7o:&nbsp;<strong style=\"text-align: var(--text-align); font-size: 1rem;\">Rua Rom\u00e3o Aguilera Campos, n\u00ba 1030 &#8211; Olaria&nbsp;<\/strong><span style=\"text-align: var(--text-align); font-size: 1rem;\">&#8211; Nova Friburgo<br><\/span><span style=\"text-align: var(--text-align); font-size: 1rem;\">Contato: <\/span><a href=\"https:\/\/www.deltabluesbrasil.com.br\/\" style=\"text-align: var(--text-align); background-color: rgb(58, 201, 166); font-size: 1rem;\">Delta Blues Brasil.com.br<\/a><\/p>\t\t\t\t\t\t\t\t<\/div>\n\t\t\t\t<\/div>\n\t\t\t\t\t<\/div>\n\t\t\t\t<\/div>\n\t\t<div class=\"elementor-element elementor-element-7b4303c e-flex e-con-boxed e-con e-parent\" data-id=\"7b4303c\" data-element_type=\"container\">\n\t\t\t\t\t<div class=\"e-con-inner\">\n\t\t\t\t<div class=\"elementor-element elementor-element-a69cbd1 elementor-widget elementor-widget-image\" data-id=\"a69cbd1\" data-element_type=\"widget\" data-widget_type=\"image.default\">\n\t\t\t\t<div class=\"elementor-widget-container\">\n\t\t\t\t\t\t\t\t\t\t\t\t\t\t\t<img loading=\"lazy\" decoding=\"async\" width=\"300\" height=\"94\" src=\"https:\/\/bluesnasruas.com.br\/wp-content\/uploads\/2024\/04\/WhatsApp-Image-2024-04-25-at-10.54.38.jpeg\" class=\"attachment-medium size-medium wp-image-578\" alt=\"\" \/>\t\t\t\t\t\t\t\t\t\t\t\t\t\t\t<\/div>\n\t\t\t\t<\/div>\n\t\t\t\t\t<\/div>\n\t\t\t\t<\/div>\n\t\t<div class=\"elementor-element elementor-element-248db2b e-flex e-con-boxed e-con e-parent\" data-id=\"248db2b\" data-element_type=\"container\">\n\t\t\t\t\t<div class=\"e-con-inner\">\n\t\t\t\t<div class=\"elementor-element elementor-element-a4d9c67 elementor-widget elementor-widget-text-editor\" data-id=\"a4d9c67\" data-element_type=\"widget\" data-widget_type=\"text-editor.default\">\n\t\t\t\t<div class=\"elementor-widget-container\">\n\t\t\t\t\t\t\t\t\t<p>Giannini<span style=\"text-align: var(--text-align); font-size: 1rem;\"><br \/><\/span><span style=\"text-align: var(--text-align); font-size: 1rem;\">Contato: <a href=\"https:\/\/www.giannini.com.br\/\">Giannini do Brasil, a maior empresa brasileira de instrumentos musicais.<\/a><\/span><\/p>\t\t\t\t\t\t\t\t<\/div>\n\t\t\t\t<\/div>\n\t\t\t\t\t<\/div>\n\t\t\t\t<\/div>\n\t\t<div class=\"elementor-element elementor-element-4b1db95 e-flex e-con-boxed e-con e-parent\" data-id=\"4b1db95\" data-element_type=\"container\">\n\t\t\t\t\t<div class=\"e-con-inner\">\n\t\t\t\t<div class=\"elementor-element elementor-element-4ea3bf3 elementor-widget elementor-widget-image\" data-id=\"4ea3bf3\" data-element_type=\"widget\" data-widget_type=\"image.default\">\n\t\t\t\t<div class=\"elementor-widget-container\">\n\t\t\t\t\t\t\t\t\t\t\t\t\t\t\t<img loading=\"lazy\" decoding=\"async\" width=\"300\" height=\"132\" src=\"https:\/\/bluesnasruas.com.br\/wp-content\/uploads\/2024\/04\/WhatsApp-Image-2024-04-25-at-11.09.09.jpeg\" class=\"attachment-medium size-medium wp-image-583\" alt=\"\" \/>\t\t\t\t\t\t\t\t\t\t\t\t\t\t\t<\/div>\n\t\t\t\t<\/div>\n\t\t\t\t\t<\/div>\n\t\t\t\t<\/div>\n\t\t<div class=\"elementor-element elementor-element-590f906 e-flex e-con-boxed e-con e-parent\" data-id=\"590f906\" data-element_type=\"container\">\n\t\t\t\t\t<div class=\"e-con-inner\">\n\t\t\t\t<div class=\"elementor-element elementor-element-63248fc elementor-widget elementor-widget-text-editor\" data-id=\"63248fc\" data-element_type=\"widget\" data-widget_type=\"text-editor.default\">\n\t\t\t\t<div class=\"elementor-widget-container\">\n\t\t\t\t\t\t\t\t\t<p>Washboard Mississippi<span style=\"text-align: var(--text-align); font-size: 1rem;\"><br \/><\/span><span style=\"text-align: var(--text-align); font-size: 1rem;\">Contato: <a href=\"https:\/\/www.instagram.com\/washboardmississippi\/\">Washboard Mississippi, do Brasil para o Mundo<\/a><\/span><\/p>\t\t\t\t\t\t\t\t<\/div>\n\t\t\t\t<\/div>\n\t\t\t\t\t<\/div>\n\t\t\t\t<\/div>\n\t\t<div class=\"elementor-element elementor-element-cba0dc7 e-flex e-con-boxed e-con e-parent\" data-id=\"cba0dc7\" data-element_type=\"container\" data-settings=\"{&quot;background_background&quot;:&quot;classic&quot;}\">\n\t\t\t\t\t<div class=\"e-con-inner\">\n\t\t\t\t<div class=\"elementor-element elementor-element-73a78a0 elementor-widget elementor-widget-image\" data-id=\"73a78a0\" data-element_type=\"widget\" data-widget_type=\"image.default\">\n\t\t\t\t<div class=\"elementor-widget-container\">\n\t\t\t\t\t\t\t\t\t\t\t\t\t\t\t<img loading=\"lazy\" decoding=\"async\" width=\"768\" height=\"96\" src=\"https:\/\/bluesnasruas.com.br\/wp-content\/uploads\/2023\/12\/logos.png\" class=\"attachment-medium_large size-medium_large wp-image-300\" alt=\"\" \/>\t\t\t\t\t\t\t\t\t\t\t\t\t\t\t<\/div>\n\t\t\t\t<\/div>\n\t\t\t\t\t<\/div>\n\t\t\t\t<\/div>\n\t\t<div class=\"elementor-element elementor-element-93656c5 e-flex e-con-boxed e-con e-parent\" data-id=\"93656c5\" data-element_type=\"container\" data-settings=\"{&quot;background_background&quot;:&quot;classic&quot;}\">\n\t\t\t\t\t<div class=\"e-con-inner\">\n\t\t\t\t<div class=\"elementor-element elementor-element-ae7a874 elementor-shape-circle elementor-grid-0 e-grid-align-center elementor-widget elementor-widget-social-icons\" data-id=\"ae7a874\" data-element_type=\"widget\" data-widget_type=\"social-icons.default\">\n\t\t\t\t<div class=\"elementor-widget-container\">\n\t\t\t\t\t\t\t<div class=\"elementor-social-icons-wrapper elementor-grid\">\n\t\t\t\t\t\t\t<span class=\"elementor-grid-item\">\n\t\t\t\t\t<a class=\"elementor-icon elementor-social-icon elementor-social-icon-instagram elementor-repeater-item-f47c040\" href=\"https:\/\/www.instagram.com\/bluesnasruas\/\" target=\"_blank\">\n\t\t\t\t\t\t<span class=\"elementor-screen-only\">Instagram<\/span>\n\t\t\t\t\t\t<svg class=\"e-font-icon-svg e-fab-instagram\" viewBox=\"0 0 448 512\" xmlns=\"http:\/\/www.w3.org\/2000\/svg\"><path d=\"M224.1 141c-63.6 0-114.9 51.3-114.9 114.9s51.3 114.9 114.9 114.9S339 319.5 339 255.9 287.7 141 224.1 141zm0 189.6c-41.1 0-74.7-33.5-74.7-74.7s33.5-74.7 74.7-74.7 74.7 33.5 74.7 74.7-33.6 74.7-74.7 74.7zm146.4-194.3c0 14.9-12 26.8-26.8 26.8-14.9 0-26.8-12-26.8-26.8s12-26.8 26.8-26.8 26.8 12 26.8 26.8zm76.1 27.2c-1.7-35.9-9.9-67.7-36.2-93.9-26.2-26.2-58-34.4-93.9-36.2-37-2.1-147.9-2.1-184.9 0-35.8 1.7-67.6 9.9-93.9 36.1s-34.4 58-36.2 93.9c-2.1 37-2.1 147.9 0 184.9 1.7 35.9 9.9 67.7 36.2 93.9s58 34.4 93.9 36.2c37 2.1 147.9 2.1 184.9 0 35.9-1.7 67.7-9.9 93.9-36.2 26.2-26.2 34.4-58 36.2-93.9 2.1-37 2.1-147.8 0-184.8zM398.8 388c-7.8 19.6-22.9 34.7-42.6 42.6-29.5 11.7-99.5 9-132.1 9s-102.7 2.6-132.1-9c-19.6-7.8-34.7-22.9-42.6-42.6-11.7-29.5-9-99.5-9-132.1s-2.6-102.7 9-132.1c7.8-19.6 22.9-34.7 42.6-42.6 29.5-11.7 99.5-9 132.1-9s102.7-2.6 132.1 9c19.6 7.8 34.7 22.9 42.6 42.6 11.7 29.5 9 99.5 9 132.1s2.7 102.7-9 132.1z\"><\/path><\/svg>\t\t\t\t\t<\/a>\n\t\t\t\t<\/span>\n\t\t\t\t\t<\/div>\n\t\t\t\t\t\t<\/div>\n\t\t\t\t<\/div>\n\t\t\t\t<div class=\"elementor-element elementor-element-bce98bf elementor-widget elementor-widget-text-editor\" data-id=\"bce98bf\" data-element_type=\"widget\" data-widget_type=\"text-editor.default\">\n\t\t\t\t<div class=\"elementor-widget-container\">\n\t\t\t\t\t\t\t\t\t<span style=\"color: #FFFFFF; font-size: 14px; font-weight: bold; text-align: center;\">\u00a9 2023 Blues nas Ruas<\/span>\t\t\t\t\t\t\t\t<\/div>\n\t\t\t\t<\/div>\n\t\t\t\t\t<\/div>\n\t\t\t\t<\/div>\n\t\t<div class=\"elementor-element elementor-element-3a66499 e-flex e-con-boxed e-con e-parent\" data-id=\"3a66499\" data-element_type=\"container\">\n\t\t\t\t\t<div class=\"e-con-inner\">\n\t\t\t\t\t<\/div>\n\t\t\t\t<\/div>\n\t\t\t\t<\/div>\n\t\t","protected":false},"excerpt":{"rendered":"<p>Institui\u00e7\u00f5es Parceiras APAE de Petr\u00f3polisEndere\u00e7o: R. Monsenhor Bacelar, 145 &#8211; Centro &#8211; Petr\u00f3polisContato: (24) 2237-6018 APAE de B\u00faziosEndere\u00e7o: Rua Gretha Blanch do Rio, s\/n\u00ba &#8211; Raza &#8211; B\u00faziosContato: apaebuzios@gmail.com Sociedade Musical Beneficente Campesina FriburguenseEndere\u00e7o: Avenida\u00a0Campesina Friburguense, 85 \u2013 Centro &#8211; Nova FriburgoContato: (22) 2522-2410 Delta Blues BrasilEndere\u00e7o:&nbsp;Rua Rom\u00e3o Aguilera Campos, n\u00ba 1030 &#8211; Olaria&nbsp;&#8211; Nova [&hellip;]<\/p>\n","protected":false},"author":1,"featured_media":0,"parent":0,"menu_order":0,"comment_status":"closed","ping_status":"closed","template":"elementor_header_footer","meta":{"footnotes":""},"class_list":["post-356","page","type-page","status-publish","hentry"],"jetpack_sharing_enabled":true,"_links":{"self":[{"href":"https:\/\/bluesnasruas.com.br\/index.php\/wp-json\/wp\/v2\/pages\/356","targetHints":{"allow":["GET"]}}],"collection":[{"href":"https:\/\/bluesnasruas.com.br\/index.php\/wp-json\/wp\/v2\/pages"}],"about":[{"href":"https:\/\/bluesnasruas.com.br\/index.php\/wp-json\/wp\/v2\/types\/page"}],"author":[{"embeddable":true,"href":"https:\/\/bluesnasruas.com.br\/index.php\/wp-json\/wp\/v2\/users\/1"}],"replies":[{"embeddable":true,"href":"https:\/\/bluesnasruas.com.br\/index.php\/wp-json\/wp\/v2\/comments?post=356"}],"version-history":[{"count":34,"href":"https:\/\/bluesnasruas.com.br\/index.php\/wp-json\/wp\/v2\/pages\/356\/revisions"}],"predecessor-version":[{"id":819,"href":"https:\/\/bluesnasruas.com.br\/index.php\/wp-json\/wp\/v2\/pages\/356\/revisions\/819"}],"wp:attachment":[{"href":"https:\/\/bluesnasruas.com.br\/index.php\/wp-json\/wp\/v2\/media?parent=356"}],"curies":[{"name":"wp","href":"https:\/\/api.w.org\/{rel}","templated":true}]}}