{"id":85,"date":"2023-11-03T19:49:25","date_gmt":"2023-11-03T19:49:25","guid":{"rendered":"https:\/\/bluesnasruas.com.br\/?page_id=85"},"modified":"2025-08-22T21:05:53","modified_gmt":"2025-08-22T21:05:53","slug":"o-festival","status":"publish","type":"page","link":"https:\/\/bluesnasruas.com.br\/index.php\/o-festival\/","title":{"rendered":"O Festival"},"content":{"rendered":"\t\t<div data-elementor-type=\"wp-page\" data-elementor-id=\"85\" class=\"elementor elementor-85\">\n\t\t\t\t<div class=\"elementor-element elementor-element-87c4110 e-flex e-con-boxed e-con e-parent\" data-id=\"87c4110\" data-element_type=\"container\">\n\t\t\t\t\t<div class=\"e-con-inner\">\n\t\t\t\t<div class=\"elementor-element elementor-element-9a2529d elementor-widget elementor-widget-image\" data-id=\"9a2529d\" data-element_type=\"widget\" data-widget_type=\"image.default\">\n\t\t\t\t<div class=\"elementor-widget-container\">\n\t\t\t\t\t\t\t\t\t\t\t\t\t\t\t<img fetchpriority=\"high\" decoding=\"async\" width=\"2554\" height=\"952\" src=\"https:\/\/bluesnasruas.com.br\/wp-content\/uploads\/2023\/12\/o-festival-1.png\" class=\"attachment-full size-full wp-image-374\" alt=\"\" \/>\t\t\t\t\t\t\t\t\t\t\t\t\t\t\t<\/div>\n\t\t\t\t<\/div>\n\t\t\t\t\t<\/div>\n\t\t\t\t<\/div>\n\t\t<div class=\"elementor-element elementor-element-ce4e343 e-flex e-con-boxed e-con e-parent\" data-id=\"ce4e343\" data-element_type=\"container\" data-settings=\"{&quot;background_background&quot;:&quot;classic&quot;}\">\n\t\t\t\t\t<div class=\"e-con-inner\">\n\t\t\t\t<div class=\"elementor-element elementor-element-70369b5 elementor-widget elementor-widget-text-editor\" data-id=\"70369b5\" data-element_type=\"widget\" data-widget_type=\"text-editor.default\">\n\t\t\t\t<div class=\"elementor-widget-container\">\n\t\t\t\t\t\t\t\t\t<p>Depois de 10 meses, entre legado social e shows spots, o projeto realiza a sua celebra\u00e7\u00e3o final com muita m\u00fasica, cultura, entretenimento, educa\u00e7\u00e3o, sustentabilidade e inclus\u00e3o. Um dos grandes momentos desses dois fins de semana incr\u00edveis foi a apresenta\u00e7\u00e3o das Bandas das APAEs. Al\u00e9m desses dois shows, o Blues nas Ruas se destaca como uma iniciativa que tem mais de um artista PCD no line-up.<\/p>\t\t\t\t\t\t\t\t<\/div>\n\t\t\t\t<\/div>\n\t\t\t\t\t<\/div>\n\t\t\t\t<\/div>\n\t\t<div class=\"elementor-element elementor-element-225a071 e-flex e-con-boxed e-con e-parent\" data-id=\"225a071\" data-element_type=\"container\">\n\t\t\t\t\t<div class=\"e-con-inner\">\n\t\t<div class=\"elementor-element elementor-element-e7e02cb e-con-full e-flex e-con e-child\" data-id=\"e7e02cb\" data-element_type=\"container\">\n\t\t\t\t<div class=\"elementor-element elementor-element-22cd1ca elementor-widget elementor-widget-image\" data-id=\"22cd1ca\" data-element_type=\"widget\" data-widget_type=\"image.default\">\n\t\t\t\t<div class=\"elementor-widget-container\">\n\t\t\t\t\t\t\t\t\t\t\t\t\t\t\t<img decoding=\"async\" width=\"544\" height=\"980\" src=\"https:\/\/bluesnasruas.com.br\/wp-content\/uploads\/2023\/12\/petropolis.png\" class=\"attachment-large size-large wp-image-379\" alt=\"\" \/>\t\t\t\t\t\t\t\t\t\t\t\t\t\t\t<\/div>\n\t\t\t\t<\/div>\n\t\t\t\t<\/div>\n\t\t<div class=\"elementor-element elementor-element-89a8bc9 e-con-full e-flex e-con e-child\" data-id=\"89a8bc9\" data-element_type=\"container\">\n\t\t\t\t<div class=\"elementor-element elementor-element-11ecbef elementor-widget elementor-widget-image\" data-id=\"11ecbef\" data-element_type=\"widget\" data-widget_type=\"image.default\">\n\t\t\t\t<div class=\"elementor-widget-container\">\n\t\t\t\t\t\t\t\t\t\t\t\t\t\t\t<img decoding=\"async\" width=\"544\" height=\"814\" src=\"https:\/\/bluesnasruas.com.br\/wp-content\/uploads\/2023\/12\/buzios.png\" class=\"attachment-large size-large wp-image-380\" alt=\"\" \/>\t\t\t\t\t\t\t\t\t\t\t\t\t\t\t<\/div>\n\t\t\t\t<\/div>\n\t\t\t\t<\/div>\n\t\t\t\t\t<\/div>\n\t\t\t\t<\/div>\n\t\t<div class=\"elementor-element elementor-element-70f15a0 e-flex e-con-boxed e-con e-parent\" data-id=\"70f15a0\" data-element_type=\"container\">\n\t\t\t\t\t<div class=\"e-con-inner\">\n\t\t\t\t<div class=\"elementor-element elementor-element-e9f3e7b elementor-widget elementor-widget-image\" data-id=\"e9f3e7b\" data-element_type=\"widget\" data-widget_type=\"image.default\">\n\t\t\t\t<div class=\"elementor-widget-container\">\n\t\t\t\t\t\t\t\t\t\t\t\t\t\t\t<img loading=\"lazy\" decoding=\"async\" width=\"800\" height=\"450\" src=\"https:\/\/bluesnasruas.com.br\/wp-content\/uploads\/2025\/08\/BNR-Relatorio-de-A-a-Z-18-1024x576.png\" class=\"attachment-large size-large wp-image-949\" alt=\"\" srcset=\"https:\/\/bluesnasruas.com.br\/wp-content\/uploads\/2025\/08\/BNR-Relatorio-de-A-a-Z-18-1024x576.png 1024w, https:\/\/bluesnasruas.com.br\/wp-content\/uploads\/2025\/08\/BNR-Relatorio-de-A-a-Z-18-300x169.png 300w, https:\/\/bluesnasruas.com.br\/wp-content\/uploads\/2025\/08\/BNR-Relatorio-de-A-a-Z-18-768x432.png 768w, https:\/\/bluesnasruas.com.br\/wp-content\/uploads\/2025\/08\/BNR-Relatorio-de-A-a-Z-18-1536x864.png 1536w, https:\/\/bluesnasruas.com.br\/wp-content\/uploads\/2025\/08\/BNR-Relatorio-de-A-a-Z-18-2048x1152.png 2048w\" sizes=\"(max-width: 800px) 100vw, 800px\" \/>\t\t\t\t\t\t\t\t\t\t\t\t\t\t\t<\/div>\n\t\t\t\t<\/div>\n\t\t\t\t\t<\/div>\n\t\t\t\t<\/div>\n\t\t<div class=\"elementor-element elementor-element-b26a37f e-flex e-con-boxed e-con e-parent\" data-id=\"b26a37f\" data-element_type=\"container\">\n\t\t\t\t\t<div class=\"e-con-inner\">\n\t\t<div class=\"elementor-element elementor-element-ff2c677 e-con-full e-flex e-con e-child\" data-id=\"ff2c677\" data-element_type=\"container\">\n\t\t\t\t<div class=\"elementor-element elementor-element-5a36222 elementor-widget elementor-widget-image\" data-id=\"5a36222\" data-element_type=\"widget\" data-widget_type=\"image.default\">\n\t\t\t\t<div class=\"elementor-widget-container\">\n\t\t\t\t\t\t\t\t\t\t\t\t\t\t\t<img loading=\"lazy\" decoding=\"async\" width=\"800\" height=\"450\" src=\"https:\/\/bluesnasruas.com.br\/wp-content\/uploads\/2025\/08\/BNR-Relatorio-de-A-a-Z-19-1024x576.png\" class=\"attachment-large size-large wp-image-950\" alt=\"\" srcset=\"https:\/\/bluesnasruas.com.br\/wp-content\/uploads\/2025\/08\/BNR-Relatorio-de-A-a-Z-19-1024x576.png 1024w, https:\/\/bluesnasruas.com.br\/wp-content\/uploads\/2025\/08\/BNR-Relatorio-de-A-a-Z-19-300x169.png 300w, https:\/\/bluesnasruas.com.br\/wp-content\/uploads\/2025\/08\/BNR-Relatorio-de-A-a-Z-19-768x432.png 768w, https:\/\/bluesnasruas.com.br\/wp-content\/uploads\/2025\/08\/BNR-Relatorio-de-A-a-Z-19-1536x864.png 1536w, https:\/\/bluesnasruas.com.br\/wp-content\/uploads\/2025\/08\/BNR-Relatorio-de-A-a-Z-19-2048x1152.png 2048w\" sizes=\"(max-width: 800px) 100vw, 800px\" \/>\t\t\t\t\t\t\t\t\t\t\t\t\t\t\t<\/div>\n\t\t\t\t<\/div>\n\t\t\t\t<\/div>\n\t\t\t\t\t<\/div>\n\t\t\t\t<\/div>\n\t\t<div class=\"elementor-element elementor-element-cba0dc7 e-flex e-con-boxed e-con e-parent\" data-id=\"cba0dc7\" data-element_type=\"container\" data-settings=\"{&quot;background_background&quot;:&quot;classic&quot;}\">\n\t\t\t\t\t<div class=\"e-con-inner\">\n\t\t\t\t<div class=\"elementor-element elementor-element-73a78a0 elementor-widget elementor-widget-image\" data-id=\"73a78a0\" data-element_type=\"widget\" data-widget_type=\"image.default\">\n\t\t\t\t<div class=\"elementor-widget-container\">\n\t\t\t\t\t\t\t\t\t\t\t\t\t\t\t<img loading=\"lazy\" decoding=\"async\" width=\"768\" height=\"96\" src=\"https:\/\/bluesnasruas.com.br\/wp-content\/uploads\/2023\/12\/logos.png\" class=\"attachment-medium_large size-medium_large wp-image-300\" alt=\"\" \/>\t\t\t\t\t\t\t\t\t\t\t\t\t\t\t<\/div>\n\t\t\t\t<\/div>\n\t\t\t\t\t<\/div>\n\t\t\t\t<\/div>\n\t\t<div class=\"elementor-element elementor-element-93656c5 e-flex e-con-boxed e-con e-parent\" data-id=\"93656c5\" data-element_type=\"container\" data-settings=\"{&quot;background_background&quot;:&quot;classic&quot;}\">\n\t\t\t\t\t<div class=\"e-con-inner\">\n\t\t\t\t<div class=\"elementor-element elementor-element-eb76a61 elementor-shape-circle elementor-grid-0 e-grid-align-center elementor-widget elementor-widget-social-icons\" data-id=\"eb76a61\" data-element_type=\"widget\" data-widget_type=\"social-icons.default\">\n\t\t\t\t<div class=\"elementor-widget-container\">\n\t\t\t\t\t\t\t<div class=\"elementor-social-icons-wrapper elementor-grid\">\n\t\t\t\t\t\t\t<span class=\"elementor-grid-item\">\n\t\t\t\t\t<a class=\"elementor-icon elementor-social-icon elementor-social-icon-instagram elementor-repeater-item-f47c040\" href=\"https:\/\/www.instagram.com\/bluesnasruas\/\" target=\"_blank\">\n\t\t\t\t\t\t<span class=\"elementor-screen-only\">Instagram<\/span>\n\t\t\t\t\t\t<svg class=\"e-font-icon-svg e-fab-instagram\" viewBox=\"0 0 448 512\" xmlns=\"http:\/\/www.w3.org\/2000\/svg\"><path d=\"M224.1 141c-63.6 0-114.9 51.3-114.9 114.9s51.3 114.9 114.9 114.9S339 319.5 339 255.9 287.7 141 224.1 141zm0 189.6c-41.1 0-74.7-33.5-74.7-74.7s33.5-74.7 74.7-74.7 74.7 33.5 74.7 74.7-33.6 74.7-74.7 74.7zm146.4-194.3c0 14.9-12 26.8-26.8 26.8-14.9 0-26.8-12-26.8-26.8s12-26.8 26.8-26.8 26.8 12 26.8 26.8zm76.1 27.2c-1.7-35.9-9.9-67.7-36.2-93.9-26.2-26.2-58-34.4-93.9-36.2-37-2.1-147.9-2.1-184.9 0-35.8 1.7-67.6 9.9-93.9 36.1s-34.4 58-36.2 93.9c-2.1 37-2.1 147.9 0 184.9 1.7 35.9 9.9 67.7 36.2 93.9s58 34.4 93.9 36.2c37 2.1 147.9 2.1 184.9 0 35.9-1.7 67.7-9.9 93.9-36.2 26.2-26.2 34.4-58 36.2-93.9 2.1-37 2.1-147.8 0-184.8zM398.8 388c-7.8 19.6-22.9 34.7-42.6 42.6-29.5 11.7-99.5 9-132.1 9s-102.7 2.6-132.1-9c-19.6-7.8-34.7-22.9-42.6-42.6-11.7-29.5-9-99.5-9-132.1s-2.6-102.7 9-132.1c7.8-19.6 22.9-34.7 42.6-42.6 29.5-11.7 99.5-9 132.1-9s102.7-2.6 132.1 9c19.6 7.8 34.7 22.9 42.6 42.6 11.7 29.5 9 99.5 9 132.1s2.7 102.7-9 132.1z\"><\/path><\/svg>\t\t\t\t\t<\/a>\n\t\t\t\t<\/span>\n\t\t\t\t\t<\/div>\n\t\t\t\t\t\t<\/div>\n\t\t\t\t<\/div>\n\t\t\t\t<div class=\"elementor-element elementor-element-bce98bf elementor-widget elementor-widget-text-editor\" data-id=\"bce98bf\" data-element_type=\"widget\" data-widget_type=\"text-editor.default\">\n\t\t\t\t<div class=\"elementor-widget-container\">\n\t\t\t\t\t\t\t\t\t<span style=\"color: #FFFFFF; font-size: 14px; font-weight: bold; text-align: center;\">\u00a9 2023 Blues nas Ruas<\/span>\t\t\t\t\t\t\t\t<\/div>\n\t\t\t\t<\/div>\n\t\t\t\t\t<\/div>\n\t\t\t\t<\/div>\n\t\t<div class=\"elementor-element elementor-element-a6bd9cf e-flex e-con-boxed e-con e-parent\" data-id=\"a6bd9cf\" data-element_type=\"container\">\n\t\t\t\t\t<div class=\"e-con-inner\">\n\t\t\t\t\t<\/div>\n\t\t\t\t<\/div>\n\t\t\t\t<\/div>\n\t\t","protected":false},"excerpt":{"rendered":"<p>Depois de 10 meses, entre legado social e shows spots, o projeto realiza a sua celebra\u00e7\u00e3o final com muita m\u00fasica, cultura, entretenimento, educa\u00e7\u00e3o, sustentabilidade e inclus\u00e3o. Um dos grandes momentos desses dois fins de semana incr\u00edveis foi a apresenta\u00e7\u00e3o das Bandas das APAEs. Al\u00e9m desses dois shows, o Blues nas Ruas se destaca como uma [&hellip;]<\/p>\n","protected":false},"author":1,"featured_media":0,"parent":0,"menu_order":0,"comment_status":"closed","ping_status":"closed","template":"elementor_header_footer","meta":{"footnotes":""},"class_list":["post-85","page","type-page","status-publish","hentry"],"jetpack_sharing_enabled":true,"_links":{"self":[{"href":"https:\/\/bluesnasruas.com.br\/index.php\/wp-json\/wp\/v2\/pages\/85","targetHints":{"allow":["GET"]}}],"collection":[{"href":"https:\/\/bluesnasruas.com.br\/index.php\/wp-json\/wp\/v2\/pages"}],"about":[{"href":"https:\/\/bluesnasruas.com.br\/index.php\/wp-json\/wp\/v2\/types\/page"}],"author":[{"embeddable":true,"href":"https:\/\/bluesnasruas.com.br\/index.php\/wp-json\/wp\/v2\/users\/1"}],"replies":[{"embeddable":true,"href":"https:\/\/bluesnasruas.com.br\/index.php\/wp-json\/wp\/v2\/comments?post=85"}],"version-history":[{"count":55,"href":"https:\/\/bluesnasruas.com.br\/index.php\/wp-json\/wp\/v2\/pages\/85\/revisions"}],"predecessor-version":[{"id":953,"href":"https:\/\/bluesnasruas.com.br\/index.php\/wp-json\/wp\/v2\/pages\/85\/revisions\/953"}],"wp:attachment":[{"href":"https:\/\/bluesnasruas.com.br\/index.php\/wp-json\/wp\/v2\/media?parent=85"}],"curies":[{"name":"wp","href":"https:\/\/api.w.org\/{rel}","templated":true}]}}